{"id":1682,"date":"2024-12-25T14:34:15","date_gmt":"2024-12-25T14:34:15","guid":{"rendered":"https:\/\/wmgfondacija.com\/board-of-directors\/ruza-veljovic\/"},"modified":"2025-01-23T10:44:27","modified_gmt":"2025-01-23T10:44:27","slug":"ruza-veljovic","status":"publish","type":"page","link":"https:\/\/wmgfondacija.com\/en\/our-team\/ruza-veljovic\/","title":{"rendered":"Ru\u017ea Veljovi\u0107"},"content":{"rendered":"\t\t<div data-elementor-type=\"wp-page\" data-elementor-id=\"1682\" class=\"elementor elementor-1682 elementor-159\" data-elementor-post-type=\"page\">\n\t\t\t\t<div class=\"elementor-element elementor-element-3c7f0775 e-con-full elementor-hidden-desktop elementor-hidden-tablet elementor-hidden-mobile e-flex e-con e-parent\" data-id=\"3c7f0775\" data-element_type=\"container\" data-e-type=\"container\" data-settings=\"{&quot;background_background&quot;:&quot;classic&quot;}\">\n\t\t<div class=\"elementor-element elementor-element-72be646b e-con-full e-flex e-con e-child\" data-id=\"72be646b\" data-element_type=\"container\" data-e-type=\"container\">\n\t\t\t\t<\/div>\n\t\t<div class=\"elementor-element elementor-element-b199456 e-con-full e-flex e-con e-child\" data-id=\"b199456\" data-element_type=\"container\" data-e-type=\"container\">\n\t\t\t\t<div class=\"elementor-element elementor-element-6bb3c729 elementor-invisible elementor-widget elementor-widget-heading\" data-id=\"6bb3c729\" data-element_type=\"widget\" data-e-type=\"widget\" data-settings=\"{&quot;_animation&quot;:&quot;fadeIn&quot;}\" data-widget_type=\"heading.default\">\n\t\t\t\t<div class=\"elementor-widget-container\">\n\t\t\t\t\t<h2 class=\"elementor-heading-title elementor-size-default\">WE ARE BUILDING ASUSTAINABLE FUTURE TOGETHER<\/h2>\t\t\t\t<\/div>\n\t\t\t\t<\/div>\n\t\t\t\t<div class=\"elementor-element elementor-element-41a0b0e1 elementor-invisible elementor-widget elementor-widget-text-editor\" data-id=\"41a0b0e1\" data-element_type=\"widget\" data-e-type=\"widget\" data-settings=\"{&quot;_animation&quot;:&quot;fadeIn&quot;,&quot;_animation_delay&quot;:200}\" data-widget_type=\"text-editor.default\">\n\t\t\t\t<div class=\"elementor-widget-container\">\n\t\t\t\t\t\t\t\t\t<p>By leading through example and promoting best practices, we show that everyone can find their role in caring for the people around them, nature, and the entire environment.<\/p>\n\t\t\t\t\t\t\t\t<\/div>\n\t\t\t\t<\/div>\n\t\t\t\t<\/div>\n\t\t\t\t<\/div>\n\t\t<div class=\"elementor-element elementor-element-a264718 e-flex e-con-boxed e-con e-parent\" data-id=\"a264718\" data-element_type=\"container\" data-e-type=\"container\">\n\t\t\t\t\t<div class=\"e-con-inner\">\n\t\t<div class=\"elementor-element elementor-element-35fb6752 e-con-full e-flex e-con e-child\" data-id=\"35fb6752\" data-element_type=\"container\" data-e-type=\"container\">\n\t\t\t\t<div class=\"elementor-element elementor-element-3f310e0d elementor-widget elementor-widget-heading\" data-id=\"3f310e0d\" data-element_type=\"widget\" data-e-type=\"widget\" data-widget_type=\"heading.default\">\n\t\t\t\t<div class=\"elementor-widget-container\">\n\t\t\t\t\t<h2 class=\"elementor-heading-title elementor-size-default\">Ru\u017ea Veljovi\u0107<\/h2>\t\t\t\t<\/div>\n\t\t\t\t<\/div>\n\t\t\t\t<div class=\"elementor-element elementor-element-7ef8273f elementor-widget elementor-widget-heading\" data-id=\"7ef8273f\" data-element_type=\"widget\" data-e-type=\"widget\" data-widget_type=\"heading.default\">\n\t\t\t\t<div class=\"elementor-widget-container\">\n\t\t\t\t\t<h2 class=\"elementor-heading-title elementor-size-default\">BOARD MEMBER<\/h2>\t\t\t\t<\/div>\n\t\t\t\t<\/div>\n\t\t\t\t<div class=\"elementor-element elementor-element-2f9318df elementor-widget elementor-widget-text-editor\" data-id=\"2f9318df\" data-element_type=\"widget\" data-e-type=\"widget\" data-widget_type=\"text-editor.default\">\n\t\t\t\t<div class=\"elementor-widget-container\">\n\t\t\t\t\t\t\t\t\t<p>Ru\u017ea Veljovi\u0107 has over 20 years of experience in the marketing and media industry. Since November 2022, she has held the position of Director of Corporate Affairs and Communications at WMG.<\/p>\n<p>She has gained extensive professional experience managing marketing, communication, and CSR campaigns in leading media and telecommunications companies in Serbia. Throughout her long-standing career in media, she has contributed to the growth and development of major media systems and their brands. Since July 2023, she has been serving as Vice President of the Media Association of Serbia. Through active membership in associations, she has participated in projects for introducing standards in media analytics and, as a member of working groups, has contributed to drafting legislation governing the media industry. Ru\u017ea graduated in Marketing from the Faculty of Economics in Belgrade, completed the three-year DW Akademie program for multipliers, and has participated in numerous training programs.<\/p>\n\t\t\t\t\t\t\t\t<\/div>\n\t\t\t\t<\/div>\n\t\t\t\t<\/div>\n\t\t<div class=\"elementor-element elementor-element-f22f6da e-con-full e-flex e-con e-child\" data-id=\"f22f6da\" data-element_type=\"container\" data-e-type=\"container\" data-settings=\"{&quot;background_background&quot;:&quot;classic&quot;}\">\n\t\t\t\t<div class=\"elementor-element elementor-element-815700c elementor-widget elementor-widget-image\" data-id=\"815700c\" data-element_type=\"widget\" data-e-type=\"widget\" data-widget_type=\"image.default\">\n\t\t\t\t<div class=\"elementor-widget-container\">\n\t\t\t\t\t\t\t\t\t\t\t\t\t\t\t<img fetchpriority=\"high\" decoding=\"async\" width=\"800\" height=\"809\" src=\"https:\/\/wmgfondacija.com\/wp-content\/uploads\/2024\/12\/ruza-veljovic-clanica-upravnog-odbora-wmg-fondacije.jpg\" class=\"attachment-large size-large wp-image-968\" alt=\"\" srcset=\"https:\/\/wmgfondacija.com\/wp-content\/uploads\/2024\/12\/ruza-veljovic-clanica-upravnog-odbora-wmg-fondacije.jpg 890w, https:\/\/wmgfondacija.com\/wp-content\/uploads\/2024\/12\/ruza-veljovic-clanica-upravnog-odbora-wmg-fondacije-297x300.jpg 297w, https:\/\/wmgfondacija.com\/wp-content\/uploads\/2024\/12\/ruza-veljovic-clanica-upravnog-odbora-wmg-fondacije-768x777.jpg 768w\" sizes=\"(max-width: 800px) 100vw, 800px\" \/>\t\t\t\t\t\t\t\t\t\t\t\t\t\t\t<\/div>\n\t\t\t\t<\/div>\n\t\t\t\t<\/div>\n\t\t\t\t\t<\/div>\n\t\t\t\t<\/div>\n\t\t\t\t<\/div>\n\t\t","protected":false},"excerpt":{"rendered":"<p>WE ARE BUILDING ASUSTAINABLE FUTURE TOGETHER By leading through example and promoting best practices, we show that everyone can find their role in caring for the people around them, nature, and the entire environment. Ru\u017ea Veljovi\u0107 BOARD MEMBER Ru\u017ea Veljovi\u0107 has over 20 years of experience in the marketing and media industry. Since November 2022, [&hellip;]<\/p>\n","protected":false},"author":1,"featured_media":973,"parent":1674,"menu_order":0,"comment_status":"closed","ping_status":"closed","template":"elementor_header_footer","meta":{"_acf_changed":false,"footnotes":""},"class_list":["post-1682","page","type-page","status-publish","has-post-thumbnail","hentry"],"acf":[],"yoast_head":"<!-- This site is optimized with the Yoast SEO plugin v27.5 - https:\/\/yoast.com\/product\/yoast-seo-wordpress\/ -->\n<title>Ru\u017ea Veljovi\u0107 - WMG Fondacija<\/title>\n<meta name=\"description\" content=\"Ru\u017ea Veljovi\u0107, WMG Foundation BOARD MEMBER\" \/>\n<meta name=\"robots\" content=\"index, follow, max-snippet:-1, max-image-preview:large, max-video-preview:-1\" \/>\n<link rel=\"canonical\" href=\"https:\/\/wmgfondacija.com\/en\/our-team\/ruza-veljovic\/\" \/>\n<meta property=\"og:locale\" content=\"en_US\" \/>\n<meta property=\"og:type\" content=\"article\" \/>\n<meta property=\"og:title\" content=\"Ru\u017ea Veljovi\u0107 - WMG Fondacija\" \/>\n<meta property=\"og:description\" content=\"Ru\u017ea Veljovi\u0107, WMG Foundation BOARD MEMBER\" \/>\n<meta property=\"og:url\" content=\"https:\/\/wmgfondacija.com\/en\/our-team\/ruza-veljovic\/\" \/>\n<meta property=\"og:site_name\" content=\"WMG Fondacija\" \/>\n<meta property=\"article:modified_time\" content=\"2025-01-23T10:44:27+00:00\" \/>\n<meta property=\"og:image\" content=\"https:\/\/wmgfondacija.com\/wp-content\/uploads\/2024\/12\/share-image-rs.png\" \/>\n\t<meta property=\"og:image:width\" content=\"1600\" \/>\n\t<meta property=\"og:image:height\" content=\"900\" \/>\n\t<meta property=\"og:image:type\" content=\"image\/png\" \/>\n<meta name=\"twitter:card\" content=\"summary_large_image\" \/>\n<meta name=\"twitter:label1\" content=\"Est. reading time\" \/>\n\t<meta name=\"twitter:data1\" content=\"1 minute\" \/>\n<script type=\"application\/ld+json\" class=\"yoast-schema-graph\">{\"@context\":\"https:\\\/\\\/schema.org\",\"@graph\":[{\"@type\":\"WebPage\",\"@id\":\"https:\\\/\\\/wmgfondacija.com\\\/en\\\/our-team\\\/ruza-veljovic\\\/\",\"url\":\"https:\\\/\\\/wmgfondacija.com\\\/en\\\/our-team\\\/ruza-veljovic\\\/\",\"name\":\"Ru\u017ea Veljovi\u0107 - WMG Fondacija\",\"isPartOf\":{\"@id\":\"https:\\\/\\\/wmgfondacija.com\\\/#website\"},\"primaryImageOfPage\":{\"@id\":\"https:\\\/\\\/wmgfondacija.com\\\/en\\\/our-team\\\/ruza-veljovic\\\/#primaryimage\"},\"image\":{\"@id\":\"https:\\\/\\\/wmgfondacija.com\\\/en\\\/our-team\\\/ruza-veljovic\\\/#primaryimage\"},\"thumbnailUrl\":\"https:\\\/\\\/wmgfondacija.com\\\/wp-content\\\/uploads\\\/2024\\\/12\\\/share-image-rs.png\",\"datePublished\":\"2024-12-25T14:34:15+00:00\",\"dateModified\":\"2025-01-23T10:44:27+00:00\",\"description\":\"Ru\u017ea Veljovi\u0107, WMG Foundation BOARD MEMBER\",\"breadcrumb\":{\"@id\":\"https:\\\/\\\/wmgfondacija.com\\\/en\\\/our-team\\\/ruza-veljovic\\\/#breadcrumb\"},\"inLanguage\":\"en-US\",\"potentialAction\":[{\"@type\":\"ReadAction\",\"target\":[\"https:\\\/\\\/wmgfondacija.com\\\/en\\\/our-team\\\/ruza-veljovic\\\/\"]}]},{\"@type\":\"ImageObject\",\"inLanguage\":\"en-US\",\"@id\":\"https:\\\/\\\/wmgfondacija.com\\\/en\\\/our-team\\\/ruza-veljovic\\\/#primaryimage\",\"url\":\"https:\\\/\\\/wmgfondacija.com\\\/wp-content\\\/uploads\\\/2024\\\/12\\\/share-image-rs.png\",\"contentUrl\":\"https:\\\/\\\/wmgfondacija.com\\\/wp-content\\\/uploads\\\/2024\\\/12\\\/share-image-rs.png\",\"width\":1600,\"height\":900},{\"@type\":\"BreadcrumbList\",\"@id\":\"https:\\\/\\\/wmgfondacija.com\\\/en\\\/our-team\\\/ruza-veljovic\\\/#breadcrumb\",\"itemListElement\":[{\"@type\":\"ListItem\",\"position\":1,\"name\":\"Home\",\"item\":\"https:\\\/\\\/wmgfondacija.com\\\/\"},{\"@type\":\"ListItem\",\"position\":2,\"name\":\"Our team\",\"item\":\"https:\\\/\\\/wmgfondacija.com\\\/en\\\/our-team\\\/\"},{\"@type\":\"ListItem\",\"position\":3,\"name\":\"Ru\u017ea Veljovi\u0107\"}]},{\"@type\":\"WebSite\",\"@id\":\"https:\\\/\\\/wmgfondacija.com\\\/#website\",\"url\":\"https:\\\/\\\/wmgfondacija.com\\\/\",\"name\":\"WMG Fondacija\",\"description\":\"Gradimo odr\u017eivu budu\u0107nost zajedno\",\"publisher\":{\"@id\":\"https:\\\/\\\/wmgfondacija.com\\\/#organization\"},\"potentialAction\":[{\"@type\":\"SearchAction\",\"target\":{\"@type\":\"EntryPoint\",\"urlTemplate\":\"https:\\\/\\\/wmgfondacija.com\\\/?s={search_term_string}\"},\"query-input\":{\"@type\":\"PropertyValueSpecification\",\"valueRequired\":true,\"valueName\":\"search_term_string\"}}],\"inLanguage\":\"en-US\"},{\"@type\":\"Organization\",\"@id\":\"https:\\\/\\\/wmgfondacija.com\\\/#organization\",\"name\":\"WMG Fondacija\",\"url\":\"https:\\\/\\\/wmgfondacija.com\\\/\",\"logo\":{\"@type\":\"ImageObject\",\"inLanguage\":\"en-US\",\"@id\":\"https:\\\/\\\/wmgfondacija.com\\\/#\\\/schema\\\/logo\\\/image\\\/\",\"url\":\"https:\\\/\\\/wmgfondacija.com\\\/wp-content\\\/uploads\\\/2024\\\/12\\\/WMG-Logo.jpg\",\"contentUrl\":\"https:\\\/\\\/wmgfondacija.com\\\/wp-content\\\/uploads\\\/2024\\\/12\\\/WMG-Logo.jpg\",\"width\":350,\"height\":180,\"caption\":\"WMG Fondacija\"},\"image\":{\"@id\":\"https:\\\/\\\/wmgfondacija.com\\\/#\\\/schema\\\/logo\\\/image\\\/\"}}]}<\/script>\n<!-- \/ Yoast SEO plugin. -->","yoast_head_json":{"title":"Ru\u017ea Veljovi\u0107 - WMG Fondacija","description":"Ru\u017ea Veljovi\u0107, WMG Foundation BOARD MEMBER","robots":{"index":"index","follow":"follow","max-snippet":"max-snippet:-1","max-image-preview":"max-image-preview:large","max-video-preview":"max-video-preview:-1"},"canonical":"https:\/\/wmgfondacija.com\/en\/our-team\/ruza-veljovic\/","og_locale":"en_US","og_type":"article","og_title":"Ru\u017ea Veljovi\u0107 - WMG Fondacija","og_description":"Ru\u017ea Veljovi\u0107, WMG Foundation BOARD MEMBER","og_url":"https:\/\/wmgfondacija.com\/en\/our-team\/ruza-veljovic\/","og_site_name":"WMG Fondacija","article_modified_time":"2025-01-23T10:44:27+00:00","og_image":[{"width":1600,"height":900,"url":"https:\/\/wmgfondacija.com\/wp-content\/uploads\/2024\/12\/share-image-rs.png","type":"image\/png"}],"twitter_card":"summary_large_image","twitter_misc":{"Est. reading time":"1 minute"},"schema":{"@context":"https:\/\/schema.org","@graph":[{"@type":"WebPage","@id":"https:\/\/wmgfondacija.com\/en\/our-team\/ruza-veljovic\/","url":"https:\/\/wmgfondacija.com\/en\/our-team\/ruza-veljovic\/","name":"Ru\u017ea Veljovi\u0107 - WMG Fondacija","isPartOf":{"@id":"https:\/\/wmgfondacija.com\/#website"},"primaryImageOfPage":{"@id":"https:\/\/wmgfondacija.com\/en\/our-team\/ruza-veljovic\/#primaryimage"},"image":{"@id":"https:\/\/wmgfondacija.com\/en\/our-team\/ruza-veljovic\/#primaryimage"},"thumbnailUrl":"https:\/\/wmgfondacija.com\/wp-content\/uploads\/2024\/12\/share-image-rs.png","datePublished":"2024-12-25T14:34:15+00:00","dateModified":"2025-01-23T10:44:27+00:00","description":"Ru\u017ea Veljovi\u0107, WMG Foundation BOARD MEMBER","breadcrumb":{"@id":"https:\/\/wmgfondacija.com\/en\/our-team\/ruza-veljovic\/#breadcrumb"},"inLanguage":"en-US","potentialAction":[{"@type":"ReadAction","target":["https:\/\/wmgfondacija.com\/en\/our-team\/ruza-veljovic\/"]}]},{"@type":"ImageObject","inLanguage":"en-US","@id":"https:\/\/wmgfondacija.com\/en\/our-team\/ruza-veljovic\/#primaryimage","url":"https:\/\/wmgfondacija.com\/wp-content\/uploads\/2024\/12\/share-image-rs.png","contentUrl":"https:\/\/wmgfondacija.com\/wp-content\/uploads\/2024\/12\/share-image-rs.png","width":1600,"height":900},{"@type":"BreadcrumbList","@id":"https:\/\/wmgfondacija.com\/en\/our-team\/ruza-veljovic\/#breadcrumb","itemListElement":[{"@type":"ListItem","position":1,"name":"Home","item":"https:\/\/wmgfondacija.com\/"},{"@type":"ListItem","position":2,"name":"Our team","item":"https:\/\/wmgfondacija.com\/en\/our-team\/"},{"@type":"ListItem","position":3,"name":"Ru\u017ea Veljovi\u0107"}]},{"@type":"WebSite","@id":"https:\/\/wmgfondacija.com\/#website","url":"https:\/\/wmgfondacija.com\/","name":"WMG Fondacija","description":"Gradimo odr\u017eivu budu\u0107nost zajedno","publisher":{"@id":"https:\/\/wmgfondacija.com\/#organization"},"potentialAction":[{"@type":"SearchAction","target":{"@type":"EntryPoint","urlTemplate":"https:\/\/wmgfondacija.com\/?s={search_term_string}"},"query-input":{"@type":"PropertyValueSpecification","valueRequired":true,"valueName":"search_term_string"}}],"inLanguage":"en-US"},{"@type":"Organization","@id":"https:\/\/wmgfondacija.com\/#organization","name":"WMG Fondacija","url":"https:\/\/wmgfondacija.com\/","logo":{"@type":"ImageObject","inLanguage":"en-US","@id":"https:\/\/wmgfondacija.com\/#\/schema\/logo\/image\/","url":"https:\/\/wmgfondacija.com\/wp-content\/uploads\/2024\/12\/WMG-Logo.jpg","contentUrl":"https:\/\/wmgfondacija.com\/wp-content\/uploads\/2024\/12\/WMG-Logo.jpg","width":350,"height":180,"caption":"WMG Fondacija"},"image":{"@id":"https:\/\/wmgfondacija.com\/#\/schema\/logo\/image\/"}}]}},"_links":{"self":[{"href":"https:\/\/wmgfondacija.com\/en\/wp-json\/wp\/v2\/pages\/1682","targetHints":{"allow":["GET"]}}],"collection":[{"href":"https:\/\/wmgfondacija.com\/en\/wp-json\/wp\/v2\/pages"}],"about":[{"href":"https:\/\/wmgfondacija.com\/en\/wp-json\/wp\/v2\/types\/page"}],"author":[{"embeddable":true,"href":"https:\/\/wmgfondacija.com\/en\/wp-json\/wp\/v2\/users\/1"}],"replies":[{"embeddable":true,"href":"https:\/\/wmgfondacija.com\/en\/wp-json\/wp\/v2\/comments?post=1682"}],"version-history":[{"count":3,"href":"https:\/\/wmgfondacija.com\/en\/wp-json\/wp\/v2\/pages\/1682\/revisions"}],"predecessor-version":[{"id":1736,"href":"https:\/\/wmgfondacija.com\/en\/wp-json\/wp\/v2\/pages\/1682\/revisions\/1736"}],"up":[{"embeddable":true,"href":"https:\/\/wmgfondacija.com\/en\/wp-json\/wp\/v2\/pages\/1674"}],"wp:featuredmedia":[{"embeddable":true,"href":"https:\/\/wmgfondacija.com\/en\/wp-json\/wp\/v2\/media\/973"}],"wp:attachment":[{"href":"https:\/\/wmgfondacija.com\/en\/wp-json\/wp\/v2\/media?parent=1682"}],"curies":[{"name":"wp","href":"https:\/\/api.w.org\/{rel}","templated":true}]}}